{"id":160,"date":"2025-09-26T12:33:06","date_gmt":"2025-09-26T09:33:06","guid":{"rendered":"https:\/\/www.tulpafilm.com\/?page_id=160"},"modified":"2025-09-29T16:10:03","modified_gmt":"2025-09-29T13:10:03","slug":"tulpa-nedir","status":"publish","type":"page","link":"https:\/\/www.tulpafilm.com\/index.php\/tulpa-nedir\/","title":{"rendered":"TULPA NED\u0130R?"},"content":{"rendered":"\t\t<div data-elementor-type=\"wp-page\" data-elementor-id=\"160\" class=\"elementor elementor-160\">\n\t\t\t\t<div class=\"elementor-element elementor-element-5cd7f93e e-flex e-con-boxed e-con e-parent\" data-id=\"5cd7f93e\" data-element_type=\"container\" data-settings=\"{&quot;background_background&quot;:&quot;classic&quot;}\">\n\t\t\t\t\t<div class=\"e-con-inner\">\n\t\t<div class=\"elementor-element elementor-element-661777ca e-con-full e-flex e-con e-child\" data-id=\"661777ca\" data-element_type=\"container\">\n\t\t\t\t<div class=\"elementor-element elementor-element-1c254010 elementor-widget elementor-widget-image\" data-id=\"1c254010\" data-element_type=\"widget\" data-widget_type=\"image.default\">\n\t\t\t\t\t\t\t\t\t\t\t\t\t\t\t<img fetchpriority=\"high\" decoding=\"async\" width=\"1920\" height=\"1080\" src=\"https:\/\/www.tulpafilm.com\/wp-content\/uploads\/2025\/09\/TULPA-LOGO-BEYAZ.png\" class=\"attachment-full size-full wp-image-460\" alt=\"\" srcset=\"https:\/\/www.tulpafilm.com\/wp-content\/uploads\/2025\/09\/TULPA-LOGO-BEYAZ.png 1920w, https:\/\/www.tulpafilm.com\/wp-content\/uploads\/2025\/09\/TULPA-LOGO-BEYAZ-300x169.png 300w, https:\/\/www.tulpafilm.com\/wp-content\/uploads\/2025\/09\/TULPA-LOGO-BEYAZ-1024x576.png 1024w, https:\/\/www.tulpafilm.com\/wp-content\/uploads\/2025\/09\/TULPA-LOGO-BEYAZ-768x432.png 768w, https:\/\/www.tulpafilm.com\/wp-content\/uploads\/2025\/09\/TULPA-LOGO-BEYAZ-1536x864.png 1536w\" sizes=\"(max-width: 1920px) 100vw, 1920px\" \/>\t\t\t\t\t\t\t\t\t\t\t\t\t\t\t<\/div>\n\t\t\t\t<\/div>\n\t\t<div class=\"elementor-element elementor-element-75f1c7c6 e-con-full e-flex e-con e-child\" data-id=\"75f1c7c6\" data-element_type=\"container\">\n\t\t\t\t<div class=\"elementor-element elementor-element-36c0eb23 elementor-widget elementor-widget-rtm-navmenu\" data-id=\"36c0eb23\" data-element_type=\"widget\" data-widget_type=\"rtm-navmenu.default\">\n\t\t\t\t<div class=\"elementor-widget-container\">\n\t\t\t\t\t        <div class=\"rkit-navmenu-container\" data-responsive=\"tablet\">\r\n            <div class=\"rkit-hamburger rkit-hamburger-tablet\">\r\n                <a class=\"rkit-btn-hamburger\">\r\n                    <i aria-hidden=\"true\" class=\"rkit-icon-open icon icon-burger-menu\" id=\"rkit-icon-open918612771\"><\/i>                    <i aria-hidden=\"true\" class=\"rkit-icon-close icon icon-cross\" id=\"rkit-icon-close918612771\"><\/i>\r\n\r\n                <\/a>\r\n            <\/div>\r\n            <div class=\"rkit-navmenu rkit-responsive-menu rkit-responsive-tablet  rkit-navmenu-fullwidth\">\r\n                <ul class=\"rkit-menu-container\">\r\n                                            <li class=\"rkit-menu-item   \">\r\n                            <a class=\"rkit-nav-link\" href=\"https:\/\/www.tulpafilm.com\/\">\r\n                                ANASAYFA                                                            <\/a>\r\n                                                    <\/li>\r\n                                            <li class=\"rkit-menu-item   \">\r\n                            <a class=\"rkit-nav-link\" href=\"https:\/\/www.tulpafilm.com\/index.php\/tulpa-nedir\/\">\r\n                                TULPA NED\u0130R?                                                            <\/a>\r\n                                                    <\/li>\r\n                                            <li class=\"rkit-menu-item   \">\r\n                            <a class=\"rkit-nav-link\" href=\"https:\/\/www.tulpafilm.com\/index.php\/oyuncular\/\">\r\n                                OYUNCULAR                                                            <\/a>\r\n                                                    <\/li>\r\n                                            <li class=\"rkit-menu-item   \">\r\n                            <a class=\"rkit-nav-link\" href=\"https:\/\/www.tulpafilm.com\/index.php\/tulpa-filmi-ekibi\/\">\r\n                                TULPA EK\u0130P                                                            <\/a>\r\n                                                    <\/li>\r\n                                            <li class=\"rkit-menu-item   \">\r\n                            <a class=\"rkit-nav-link\" href=\"https:\/\/www.tulpafilm.com\/index.php\/hakkimizda\/\">\r\n                                F\u0130LM HAKKINDA\u200b                                                            <\/a>\r\n                                                    <\/li>\r\n                                            <li class=\"rkit-menu-item   \">\r\n                            <a class=\"rkit-nav-link\" href=\"https:\/\/www.tulpafilm.com\/index.php\/cekimde-yasanan-paranormal-olaylar\/\">\r\n                                YA\u015eANILAN OLAYLAR                                                            <\/a>\r\n                                                    <\/li>\r\n                                            <li class=\"rkit-menu-item   \">\r\n                            <a class=\"rkit-nav-link\" href=\"https:\/\/www.tulpafilm.com\/index.php\/fragmanlar\/\">\r\n                                FRAGMANLAR                                                            <\/a>\r\n                                                    <\/li>\r\n                                    <\/ul>\r\n            <\/div>\r\n        <\/div>\r\n\t\t\t\t<\/div>\n\t\t\t\t<\/div>\n\t\t\t\t<\/div>\n\t\t<div class=\"elementor-element elementor-element-2483b05e e-con-full elementor-hidden-tablet elementor-hidden-mobile e-flex e-con e-child\" data-id=\"2483b05e\" data-element_type=\"container\">\n\t\t\t\t<div class=\"elementor-element elementor-element-18dbab96 elementor-align-right elementor-widget elementor-widget-button\" data-id=\"18dbab96\" data-element_type=\"widget\" data-widget_type=\"button.default\">\n\t\t\t\t\t\t\t\t\t\t<a class=\"elementor-button elementor-button-link elementor-size-sm\" href=\"https:\/\/www.tulpafilm.com\/index.php\/iletisim\/\">\n\t\t\t\t\t\t<span class=\"elementor-button-content-wrapper\">\n\t\t\t\t\t\t\t\t\t<span class=\"elementor-button-text\">ileti\u015fim<\/span>\n\t\t\t\t\t<\/span>\n\t\t\t\t\t<\/a>\n\t\t\t\t\t\t\t\t<\/div>\n\t\t\t\t<\/div>\n\t\t\t\t\t<\/div>\n\t\t\t\t<\/div>\n\t\t<div class=\"elementor-element elementor-element-32285c40 e-flex e-con-boxed e-con e-parent\" data-id=\"32285c40\" data-element_type=\"container\" data-settings=\"{&quot;background_background&quot;:&quot;classic&quot;}\">\n\t\t\t\t\t<div class=\"e-con-inner\">\n\t\t\t\t<div class=\"elementor-element elementor-element-585c533d elementor-widget elementor-widget-heading\" data-id=\"585c533d\" data-element_type=\"widget\" data-widget_type=\"heading.default\">\n\t\t\t\t\t<h2 class=\"elementor-heading-title elementor-size-default\">TULPA NED\u0130R?<\/h2>\t\t\t\t<\/div>\n\t\t\t\t<div class=\"elementor-element elementor-element-48b49de2 elementor-widget elementor-widget-heading\" data-id=\"48b49de2\" data-element_type=\"widget\" data-widget_type=\"heading.default\">\n\t\t\t\t\t<h4 class=\"elementor-heading-title elementor-size-default\">TULPA 2025<\/h4>\t\t\t\t<\/div>\n\t\t\t\t<div class=\"elementor-element elementor-element-793231c0 elementor-widget elementor-widget-text-editor\" data-id=\"793231c0\" data-element_type=\"widget\" data-widget_type=\"text-editor.default\">\n\t\t\t\t\t\t\t\t\t<p><a href=\"#\">Home<\/a> \/ film hakk\u0131nda<\/p>\t\t\t\t\t\t\t\t<\/div>\n\t\t\t\t<div class=\"elementor-element elementor-element-04082ec elementor-widget elementor-widget-image\" data-id=\"04082ec\" data-element_type=\"widget\" data-widget_type=\"image.default\">\n\t\t\t\t\t\t\t\t\t\t\t\t\t\t\t<img decoding=\"async\" width=\"300\" height=\"128\" src=\"https:\/\/www.tulpafilm.com\/wp-content\/uploads\/2025\/09\/LOGO-PNG_1-300x128.png\" class=\"attachment-medium size-medium wp-image-113\" alt=\"\" srcset=\"https:\/\/www.tulpafilm.com\/wp-content\/uploads\/2025\/09\/LOGO-PNG_1-300x128.png 300w, https:\/\/www.tulpafilm.com\/wp-content\/uploads\/2025\/09\/LOGO-PNG_1-1024x438.png 1024w, https:\/\/www.tulpafilm.com\/wp-content\/uploads\/2025\/09\/LOGO-PNG_1-768x329.png 768w, https:\/\/www.tulpafilm.com\/wp-content\/uploads\/2025\/09\/LOGO-PNG_1-1536x657.png 1536w, https:\/\/www.tulpafilm.com\/wp-content\/uploads\/2025\/09\/LOGO-PNG_1.png 1647w\" sizes=\"(max-width: 300px) 100vw, 300px\" \/>\t\t\t\t\t\t\t\t\t\t\t\t\t\t\t<\/div>\n\t\t\t\t\t<\/div>\n\t\t\t\t<\/div>\n\t\t<div class=\"elementor-element elementor-element-4012897d e-flex e-con-boxed e-con e-parent\" data-id=\"4012897d\" data-element_type=\"container\">\n\t\t\t\t\t<div class=\"e-con-inner\">\n\t\t<div class=\"elementor-element elementor-element-3c60211a e-con-full e-flex e-con e-child\" data-id=\"3c60211a\" data-element_type=\"container\">\n\t\t<div class=\"elementor-element elementor-element-547d743 e-con-full e-flex e-con e-child\" data-id=\"547d743\" data-element_type=\"container\" data-settings=\"{&quot;background_background&quot;:&quot;classic&quot;}\">\n\t\t\t\t<div class=\"elementor-element elementor-element-447eb8d1 elementor-widget elementor-widget-elementskit-video\" data-id=\"447eb8d1\" data-element_type=\"widget\" data-widget_type=\"elementskit-video.default\">\n\t\t\t\t<div class=\"elementor-widget-container\">\n\t\t\t\t\t<div class=\"ekit-wid-con\" >\t\t<div class=\"video-content\" data-video-player=\"[]\" data-video-setting=\"{&quot;videoVolume&quot;:&quot;horizontal&quot;,&quot;startVolume&quot;:0.8,&quot;videoType&quot;:&quot;iframe&quot;,&quot;videoClass&quot;:&quot;mfp-fade&quot;,&quot;popupIcon&quot;:{&quot;value&quot;:&quot;icon icon-cancel&quot;,&quot;library&quot;:&quot;ekiticons&quot;},&quot;videoStyle&quot;:&quot;popup&quot;,&quot;videoTypeName&quot;:&quot;youtube&quot;,&quot;autoplay&quot;:false,&quot;muted&quot;:false,&quot;loop&quot;:false}\">\n\t\t\t\n<a class=\"ekit_icon_button glow-ripple ekit-video-popup ekit-video-popup-btn\" href=\"https:\/\/www.youtube.com\/embed\/RfkQ-YYWd8k?feature=oembed?playlist=RfkQ-YYWd8k&amp;mute=0&amp;autoplay=0&amp;loop=no&amp;controls=0&amp;start=0&amp;end=\" aria-label=\"video-popup\">\n\t\t\t\t<i aria-hidden=\"true\" class=\"icon icon-play-button\"><\/i>\t\t\n\t\t\t<\/a>\n\t\t\t\t\t<\/div>\n\t\t<\/div>\t\t\t\t<\/div>\n\t\t\t\t<\/div>\n\t\t\t\t<div class=\"elementor-element elementor-element-4ae89b4e elementor-widget elementor-widget-button\" data-id=\"4ae89b4e\" data-element_type=\"widget\" data-widget_type=\"button.default\">\n\t\t\t\t\t\t\t\t\t\t<a class=\"elementor-button elementor-button-link elementor-size-sm\" href=\"#\">\n\t\t\t\t\t\t<span class=\"elementor-button-content-wrapper\">\n\t\t\t\t\t\t\t\t\t<span class=\"elementor-button-text\">Watch Trailer<\/span>\n\t\t\t\t\t<\/span>\n\t\t\t\t\t<\/a>\n\t\t\t\t\t\t\t\t<\/div>\n\t\t\t\t<\/div>\n\t\t\t\t<div class=\"elementor-element elementor-element-59fdf9e6 elementor-widget elementor-widget-heading\" data-id=\"59fdf9e6\" data-element_type=\"widget\" data-widget_type=\"heading.default\">\n\t\t\t\t\t<h3 class=\"elementor-heading-title elementor-size-default\">TULPA NED\u0130R?<\/h3>\t\t\t\t<\/div>\n\t\t\t\t<div class=\"elementor-element elementor-element-46cc851a elementor-icon-list--layout-inline elementor-list-item-link-full_width elementor-widget elementor-widget-icon-list\" data-id=\"46cc851a\" data-element_type=\"widget\" data-widget_type=\"icon-list.default\">\n\t\t\t\t\t\t\t<ul class=\"elementor-icon-list-items elementor-inline-items\">\n\t\t\t\t\t\t\t<li class=\"elementor-icon-list-item elementor-inline-item\">\n\t\t\t\t\t\t\t\t\t\t\t<span class=\"elementor-icon-list-icon\">\n\t\t\t\t\t\t\t<i aria-hidden=\"true\" class=\"icon icon-star-1\"><\/i>\t\t\t\t\t\t<\/span>\n\t\t\t\t\t\t\t\t\t\t<span class=\"elementor-icon-list-text\">9<\/span>\n\t\t\t\t\t\t\t\t\t<\/li>\n\t\t\t\t\t\t\t\t<li class=\"elementor-icon-list-item elementor-inline-item\">\n\t\t\t\t\t\t\t\t\t\t\t<span class=\"elementor-icon-list-icon\">\n\t\t\t\t\t\t\t<svg aria-hidden=\"true\" class=\"e-font-icon-svg e-fas-clock\" viewBox=\"0 0 512 512\" xmlns=\"http:\/\/www.w3.org\/2000\/svg\"><path d=\"M256,8C119,8,8,119,8,256S119,504,256,504,504,393,504,256,393,8,256,8Zm92.49,313h0l-20,25a16,16,0,0,1-22.49,2.5h0l-67-49.72a40,40,0,0,1-15-31.23V112a16,16,0,0,1,16-16h32a16,16,0,0,1,16,16V256l58,42.5A16,16,0,0,1,348.49,321Z\"><\/path><\/svg>\t\t\t\t\t\t<\/span>\n\t\t\t\t\t\t\t\t\t\t<span class=\"elementor-icon-list-text\">115 Min<\/span>\n\t\t\t\t\t\t\t\t\t<\/li>\n\t\t\t\t\t\t<\/ul>\n\t\t\t\t\t\t<\/div>\n\t\t\t\t<div class=\"elementor-element elementor-element-555d8953 elementor-widget elementor-widget-text-editor\" data-id=\"555d8953\" data-element_type=\"widget\" data-widget_type=\"text-editor.default\">\n\t\t\t\t\t\t\t\t\t<p>Tulpa kelimesi Tibet\u00e7eden gelmektedir ve burada &#8220;hayalet&#8221; anlam\u0131na gelebilece\u011fi gibi di\u011fer ili\u015fkili anlamlara da gelebilir.<br \/>Tibet mistizminde ge\u00e7en uzun s\u00fcreli disiplin isteyen meditatif bir \u00e7al\u0131\u015fmad\u0131r. d\u00fc\u015f\u00fcnce enerjisinin yo\u011fun olarak meditatif \u00e7al\u0131\u015fmalarla odaklanmas\u0131 sonucu bir t\u00fcr &#8220;d\u00fc\u015f\u00fcnce varl\u0131\u011f\u0131&#8221; yarat\u0131lmas\u0131d\u0131r.<\/p><p>Filmde yer verilen Tulpa , ac\u0131l\u0131 bir annenin ger\u00e7ek k\u0131z\u0131 olmaks\u0131z\u0131n onun bedenine b\u00fcr\u00fcnm\u00fc\u015f hayali\u00a0bir\u00a0varl\u0131kt\u0131r.<\/p>\t\t\t\t\t\t\t\t<\/div>\n\t\t<div class=\"elementor-element elementor-element-1e2f1def e-con-full e-flex e-con e-child\" data-id=\"1e2f1def\" data-element_type=\"container\">\n\t\t\t\t<div class=\"elementor-element elementor-element-7639ab6d elementor-widget-mobile__width-initial elementor-widget__width-initial elementor-icon-list--layout-traditional elementor-list-item-link-full_width elementor-widget elementor-widget-icon-list\" data-id=\"7639ab6d\" data-element_type=\"widget\" data-widget_type=\"icon-list.default\">\n\t\t\t\t\t\t\t<ul class=\"elementor-icon-list-items\">\n\t\t\t\t\t\t\t<li class=\"elementor-icon-list-item\">\n\t\t\t\t\t\t\t\t\t\t<span class=\"elementor-icon-list-text\">T\u00dcR<\/span>\n\t\t\t\t\t\t\t\t\t<\/li>\n\t\t\t\t\t\t\t\t<li class=\"elementor-icon-list-item\">\n\t\t\t\t\t\t\t\t\t\t<span class=\"elementor-icon-list-text\">YAPIMCI<\/span>\n\t\t\t\t\t\t\t\t\t<\/li>\n\t\t\t\t\t\t\t\t<li class=\"elementor-icon-list-item\">\n\t\t\t\t\t\t\t\t\t\t<span class=\"elementor-icon-list-text\">Y\u00d6NETMEN<\/span>\n\t\t\t\t\t\t\t\t\t<\/li>\n\t\t\t\t\t\t\t\t<li class=\"elementor-icon-list-item\">\n\t\t\t\t\t\t\t\t\t\t<span class=\"elementor-icon-list-text\">YAZAR<\/span>\n\t\t\t\t\t\t\t\t\t<\/li>\n\t\t\t\t\t\t\t\t<li class=\"elementor-icon-list-item\">\n\t\t\t\t\t\t\t\t\t\t<span class=\"elementor-icon-list-text\">OYUNCULAR<\/span>\n\t\t\t\t\t\t\t\t\t<\/li>\n\t\t\t\t\t\t\t\t<li class=\"elementor-icon-list-item\">\n\t\t\t\t\t\t\t\t\t\t<span class=\"elementor-icon-list-text\"><\/span>\n\t\t\t\t\t\t\t\t\t<\/li>\n\t\t\t\t\t\t<\/ul>\n\t\t\t\t\t\t<\/div>\n\t\t\t\t<div class=\"elementor-element elementor-element-30451514 elementor-widget-mobile__width-initial elementor-widget__width-initial elementor-icon-list--layout-traditional elementor-list-item-link-full_width elementor-widget elementor-widget-icon-list\" data-id=\"30451514\" data-element_type=\"widget\" data-widget_type=\"icon-list.default\">\n\t\t\t\t\t\t\t<ul class=\"elementor-icon-list-items\">\n\t\t\t\t\t\t\t<li class=\"elementor-icon-list-item\">\n\t\t\t\t\t\t\t\t\t\t<span class=\"elementor-icon-list-text\">KORKU, DRAMA<\/span>\n\t\t\t\t\t\t\t\t\t<\/li>\n\t\t\t\t\t\t\t\t<li class=\"elementor-icon-list-item\">\n\t\t\t\t\t\t\t\t\t\t<span class=\"elementor-icon-list-text\">MURAT \u00dcNALO\u011eLU<\/span>\n\t\t\t\t\t\t\t\t\t<\/li>\n\t\t\t\t\t\t\t\t<li class=\"elementor-icon-list-item\">\n\t\t\t\t\t\t\t\t\t\t<span class=\"elementor-icon-list-text\">G\u00dcNE\u015e G\u00dcNE\u015e<\/span>\n\t\t\t\t\t\t\t\t\t<\/li>\n\t\t\t\t\t\t\t\t<li class=\"elementor-icon-list-item\">\n\t\t\t\t\t\t\t\t\t\t<span class=\"elementor-icon-list-text\">\u00c7\u0130\u011eDEM DAMAR<\/span>\n\t\t\t\t\t\t\t\t\t<\/li>\n\t\t\t\t\t\t\t\t<li class=\"elementor-icon-list-item\">\n\t\t\t\t\t\t\t\t\t\t<span class=\"elementor-icon-list-text\">\u00d6ZG\u00dcR \u00d6ZBERK, \u00d6ZGE G\u00dcNAYDIN, BUSE SEV\u0130ND\u0130K, EYL\u00dcL \u00d6ZAKSOY, DEN\u0130Z G\u00d6K\u00c7EK, RAB\u0130A TUN\u00c7, \u0130BRAH\u0130M CO\u015eKUN<\/span>\n\t\t\t\t\t\t\t\t\t<\/li>\n\t\t\t\t\t\t<\/ul>\n\t\t\t\t\t\t<\/div>\n\t\t\t\t<\/div>\n\t\t\t\t<div class=\"elementor-element elementor-element-a5fa6f9 elementor-widget elementor-widget-button\" data-id=\"a5fa6f9\" data-element_type=\"widget\" data-widget_type=\"button.default\">\n\t\t\t\t\t\t\t\t\t\t<a class=\"elementor-button elementor-button-link elementor-size-sm\" href=\"#\">\n\t\t\t\t\t\t<span class=\"elementor-button-content-wrapper\">\n\t\t\t\t\t\t\t\t\t<span class=\"elementor-button-text\">\u00c7OK YAKINDA S\u0130NEMALARDA<\/span>\n\t\t\t\t\t<\/span>\n\t\t\t\t\t<\/a>\n\t\t\t\t\t\t\t\t<\/div>\n\t\t\t\t<\/div>\n\t\t\t\t\t<\/div>\n\t\t\t\t<\/div>\n\t\t<div class=\"elementor-element elementor-element-27531e1 e-flex e-con-boxed e-con e-parent\" data-id=\"27531e1\" data-element_type=\"container\" data-settings=\"{&quot;background_background&quot;:&quot;classic&quot;}\">\n\t\t\t\t\t<div class=\"e-con-inner\">\n\t\t\t\t<div class=\"elementor-element elementor-element-be026a0 elementor-widget elementor-widget-heading\" data-id=\"be026a0\" data-element_type=\"widget\" data-widget_type=\"heading.default\">\n\t\t\t\t\t<h4 class=\"elementor-heading-title elementor-size-default\">B\u0130Z\u0130 TAK\u0130P ETMEY\u0130 UNUTMAYIN<\/h4>\t\t\t\t<\/div>\n\t\t\t\t<div class=\"elementor-element elementor-element-a17c107 elementor-widget elementor-widget-image\" data-id=\"a17c107\" data-element_type=\"widget\" data-widget_type=\"image.default\">\n\t\t\t\t\t\t\t\t\t\t\t\t\t\t\t<img decoding=\"async\" width=\"1647\" height=\"705\" src=\"https:\/\/www.tulpafilm.com\/wp-content\/uploads\/2025\/09\/LOGO-PNG_1.png\" class=\"attachment-full size-full wp-image-113\" alt=\"\" srcset=\"https:\/\/www.tulpafilm.com\/wp-content\/uploads\/2025\/09\/LOGO-PNG_1.png 1647w, https:\/\/www.tulpafilm.com\/wp-content\/uploads\/2025\/09\/LOGO-PNG_1-300x128.png 300w, https:\/\/www.tulpafilm.com\/wp-content\/uploads\/2025\/09\/LOGO-PNG_1-1024x438.png 1024w, https:\/\/www.tulpafilm.com\/wp-content\/uploads\/2025\/09\/LOGO-PNG_1-768x329.png 768w, https:\/\/www.tulpafilm.com\/wp-content\/uploads\/2025\/09\/LOGO-PNG_1-1536x657.png 1536w\" sizes=\"(max-width: 1647px) 100vw, 1647px\" \/>\t\t\t\t\t\t\t\t\t\t\t\t\t\t\t<\/div>\n\t\t\t\t<div class=\"elementor-element elementor-element-11d6841 elementor-icon-list--layout-inline elementor-mobile-align-center elementor-list-item-link-full_width elementor-widget elementor-widget-icon-list\" data-id=\"11d6841\" data-element_type=\"widget\" data-widget_type=\"icon-list.default\">\n\t\t\t\t\t\t\t<ul class=\"elementor-icon-list-items elementor-inline-items\">\n\t\t\t\t\t\t\t<li class=\"elementor-icon-list-item elementor-inline-item\">\n\t\t\t\t\t\t\t\t\t\t\t<a href=\"#\">\n\n\t\t\t\t\t\t\t\t\t\t\t<span class=\"elementor-icon-list-text\">ANASAYFA<\/span>\n\t\t\t\t\t\t\t\t\t\t\t<\/a>\n\t\t\t\t\t\t\t\t\t<\/li>\n\t\t\t\t\t\t\t\t<li class=\"elementor-icon-list-item elementor-inline-item\">\n\t\t\t\t\t\t\t\t\t\t\t<a href=\"https:\/\/www.tulpafilm.com\/index.php\/iletisim\/\">\n\n\t\t\t\t\t\t\t\t\t\t\t<span class=\"elementor-icon-list-text\">\u0130LET\u0130\u015e\u0130M<\/span>\n\t\t\t\t\t\t\t\t\t\t\t<\/a>\n\t\t\t\t\t\t\t\t\t<\/li>\n\t\t\t\t\t\t<\/ul>\n\t\t\t\t\t\t<\/div>\n\t\t\t\t<div class=\"elementor-element elementor-element-e6708aa elementor-shape-circle elementor-grid-0 e-grid-align-center elementor-widget elementor-widget-social-icons\" data-id=\"e6708aa\" data-element_type=\"widget\" data-widget_type=\"social-icons.default\">\n\t\t\t\t\t\t\t<div class=\"elementor-social-icons-wrapper elementor-grid\" role=\"list\">\n\t\t\t\t\t\t\t<span class=\"elementor-grid-item\" role=\"listitem\">\n\t\t\t\t\t<a class=\"elementor-icon elementor-social-icon elementor-social-icon-youtube elementor-repeater-item-ec2a16b\" href=\"https:\/\/www.youtube.com\/@magyapimofficial\" target=\"_blank\">\n\t\t\t\t\t\t<span class=\"elementor-screen-only\">Youtube<\/span>\n\t\t\t\t\t\t<svg aria-hidden=\"true\" class=\"e-font-icon-svg e-fab-youtube\" viewBox=\"0 0 576 512\" xmlns=\"http:\/\/www.w3.org\/2000\/svg\"><path d=\"M549.655 124.083c-6.281-23.65-24.787-42.276-48.284-48.597C458.781 64 288 64 288 64S117.22 64 74.629 75.486c-23.497 6.322-42.003 24.947-48.284 48.597-11.412 42.867-11.412 132.305-11.412 132.305s0 89.438 11.412 132.305c6.281 23.65 24.787 41.5 48.284 47.821C117.22 448 288 448 288 448s170.78 0 213.371-11.486c23.497-6.321 42.003-24.171 48.284-47.821 11.412-42.867 11.412-132.305 11.412-132.305s0-89.438-11.412-132.305zm-317.51 213.508V175.185l142.739 81.205-142.739 81.201z\"><\/path><\/svg>\t\t\t\t\t<\/a>\n\t\t\t\t<\/span>\n\t\t\t\t\t\t\t<span class=\"elementor-grid-item\" role=\"listitem\">\n\t\t\t\t\t<a class=\"elementor-icon elementor-social-icon elementor-social-icon-instagram elementor-repeater-item-da0a78a\" href=\"https:\/\/www.instagram.com\/tulpafilm.official\/\" target=\"_blank\">\n\t\t\t\t\t\t<span class=\"elementor-screen-only\">Instagram<\/span>\n\t\t\t\t\t\t<svg aria-hidden=\"true\" class=\"e-font-icon-svg e-fab-instagram\" viewBox=\"0 0 448 512\" xmlns=\"http:\/\/www.w3.org\/2000\/svg\"><path d=\"M224.1 141c-63.6 0-114.9 51.3-114.9 114.9s51.3 114.9 114.9 114.9S339 319.5 339 255.9 287.7 141 224.1 141zm0 189.6c-41.1 0-74.7-33.5-74.7-74.7s33.5-74.7 74.7-74.7 74.7 33.5 74.7 74.7-33.6 74.7-74.7 74.7zm146.4-194.3c0 14.9-12 26.8-26.8 26.8-14.9 0-26.8-12-26.8-26.8s12-26.8 26.8-26.8 26.8 12 26.8 26.8zm76.1 27.2c-1.7-35.9-9.9-67.7-36.2-93.9-26.2-26.2-58-34.4-93.9-36.2-37-2.1-147.9-2.1-184.9 0-35.8 1.7-67.6 9.9-93.9 36.1s-34.4 58-36.2 93.9c-2.1 37-2.1 147.9 0 184.9 1.7 35.9 9.9 67.7 36.2 93.9s58 34.4 93.9 36.2c37 2.1 147.9 2.1 184.9 0 35.9-1.7 67.7-9.9 93.9-36.2 26.2-26.2 34.4-58 36.2-93.9 2.1-37 2.1-147.8 0-184.8zM398.8 388c-7.8 19.6-22.9 34.7-42.6 42.6-29.5 11.7-99.5 9-132.1 9s-102.7 2.6-132.1-9c-19.6-7.8-34.7-22.9-42.6-42.6-11.7-29.5-9-99.5-9-132.1s-2.6-102.7 9-132.1c7.8-19.6 22.9-34.7 42.6-42.6 29.5-11.7 99.5-9 132.1-9s102.7-2.6 132.1 9c19.6 7.8 34.7 22.9 42.6 42.6 11.7 29.5 9 99.5 9 132.1s2.7 102.7-9 132.1z\"><\/path><\/svg>\t\t\t\t\t<\/a>\n\t\t\t\t<\/span>\n\t\t\t\t\t<\/div>\n\t\t\t\t\t\t<\/div>\n\t\t\t\t<div class=\"elementor-element elementor-element-0aac05f elementor-button-danger elementor-widget elementor-widget-button\" data-id=\"0aac05f\" data-element_type=\"widget\" data-widget_type=\"button.default\">\n\t\t\t\t\t\t\t\t\t\t<a class=\"elementor-button elementor-button-link elementor-size-sm\" href=\"https:\/\/www.instagram.com\/magyapimofficial\/\">\n\t\t\t\t\t\t<span class=\"elementor-button-content-wrapper\">\n\t\t\t\t\t\t\t\t\t<span class=\"elementor-button-text\">mag yap\u0131m official instagram adresi<\/span>\n\t\t\t\t\t<\/span>\n\t\t\t\t\t<\/a>\n\t\t\t\t\t\t\t\t<\/div>\n\t\t\t\t<div class=\"elementor-element elementor-element-58c5816 elementor-widget-divider--view-line elementor-widget elementor-widget-divider\" data-id=\"58c5816\" data-element_type=\"widget\" data-widget_type=\"divider.default\">\n\t\t\t\t\t\t\t<div class=\"elementor-divider\">\n\t\t\t<span class=\"elementor-divider-separator\">\n\t\t\t\t\t\t<\/span>\n\t\t<\/div>\n\t\t\t\t\t\t<\/div>\n\t\t\t\t<div class=\"elementor-element elementor-element-fd36795 elementor-widget elementor-widget-text-editor\" data-id=\"fd36795\" data-element_type=\"widget\" data-widget_type=\"text-editor.default\">\n\t\t\t\t\t\t\t\t\t<p>MAG YAPIM PRODUCTION | MURAT \u00dcNALO\u011eLU<\/p>\t\t\t\t\t\t\t\t<\/div>\n\t\t\t\t\t<\/div>\n\t\t\t\t<\/div>\n\t\t\t\t<\/div>\n\t\t","protected":false},"excerpt":{"rendered":"<p>ANASAYFA TULPA NED\u0130R? OYUNCULAR TULPA EK\u0130P F\u0130LM HAKKINDA\u200b YA\u015eANILAN OLAYLAR FRAGMANLAR ileti\u015fim TULPA NED\u0130R? TULPA 2025 Home \/ film hakk\u0131nda Watch Trailer TULPA NED\u0130R? 9 115 Min Tulpa kelimesi Tibet\u00e7eden gelmektedir ve burada &#8220;hayalet&#8221; anlam\u0131na gelebilece\u011fi gibi di\u011fer ili\u015fkili anlamlara da gelebilir.Tibet mistizminde ge\u00e7en uzun s\u00fcreli disiplin isteyen meditatif bir \u00e7al\u0131\u015fmad\u0131r. d\u00fc\u015f\u00fcnce enerjisinin yo\u011fun olarak [&hellip;]<\/p>\n","protected":false},"author":1,"featured_media":0,"parent":0,"menu_order":0,"comment_status":"closed","ping_status":"closed","template":"elementor_canvas","meta":{"footnotes":""},"class_list":["post-160","page","type-page","status-publish","hentry"],"_links":{"self":[{"href":"https:\/\/www.tulpafilm.com\/index.php\/wp-json\/wp\/v2\/pages\/160","targetHints":{"allow":["GET"]}}],"collection":[{"href":"https:\/\/www.tulpafilm.com\/index.php\/wp-json\/wp\/v2\/pages"}],"about":[{"href":"https:\/\/www.tulpafilm.com\/index.php\/wp-json\/wp\/v2\/types\/page"}],"author":[{"embeddable":true,"href":"https:\/\/www.tulpafilm.com\/index.php\/wp-json\/wp\/v2\/users\/1"}],"replies":[{"embeddable":true,"href":"https:\/\/www.tulpafilm.com\/index.php\/wp-json\/wp\/v2\/comments?post=160"}],"version-history":[{"count":68,"href":"https:\/\/www.tulpafilm.com\/index.php\/wp-json\/wp\/v2\/pages\/160\/revisions"}],"predecessor-version":[{"id":682,"href":"https:\/\/www.tulpafilm.com\/index.php\/wp-json\/wp\/v2\/pages\/160\/revisions\/682"}],"wp:attachment":[{"href":"https:\/\/www.tulpafilm.com\/index.php\/wp-json\/wp\/v2\/media?parent=160"}],"curies":[{"name":"wp","href":"https:\/\/api.w.org\/{rel}","templated":true}]}}