{"id":641,"date":"2025-09-29T16:02:07","date_gmt":"2025-09-29T13:02:07","guid":{"rendered":"https:\/\/www.tulpafilm.com\/?page_id=641"},"modified":"2025-09-29T16:11:17","modified_gmt":"2025-09-29T13:11:17","slug":"fragmanlar","status":"publish","type":"page","link":"https:\/\/www.tulpafilm.com\/index.php\/fragmanlar\/","title":{"rendered":"FRAGMANLAR"},"content":{"rendered":"\t\t<div data-elementor-type=\"wp-page\" data-elementor-id=\"641\" class=\"elementor elementor-641\">\n\t\t\t\t<div class=\"elementor-element elementor-element-284fe21b e-flex e-con-boxed e-con e-parent\" data-id=\"284fe21b\" data-element_type=\"container\" data-settings=\"{&quot;background_background&quot;:&quot;classic&quot;}\">\n\t\t\t\t\t<div class=\"e-con-inner\">\n\t\t<div class=\"elementor-element elementor-element-17e8d879 e-con-full e-flex e-con e-child\" data-id=\"17e8d879\" data-element_type=\"container\">\n\t\t\t\t<div class=\"elementor-element elementor-element-64342ac0 elementor-widget elementor-widget-image\" data-id=\"64342ac0\" data-element_type=\"widget\" data-widget_type=\"image.default\">\n\t\t\t\t\t\t\t\t\t\t\t\t\t\t\t<img fetchpriority=\"high\" decoding=\"async\" width=\"1920\" height=\"1080\" src=\"https:\/\/www.tulpafilm.com\/wp-content\/uploads\/2025\/09\/TULPA-LOGO-BEYAZ.png\" class=\"attachment-full size-full wp-image-460\" alt=\"\" srcset=\"https:\/\/www.tulpafilm.com\/wp-content\/uploads\/2025\/09\/TULPA-LOGO-BEYAZ.png 1920w, https:\/\/www.tulpafilm.com\/wp-content\/uploads\/2025\/09\/TULPA-LOGO-BEYAZ-300x169.png 300w, https:\/\/www.tulpafilm.com\/wp-content\/uploads\/2025\/09\/TULPA-LOGO-BEYAZ-1024x576.png 1024w, https:\/\/www.tulpafilm.com\/wp-content\/uploads\/2025\/09\/TULPA-LOGO-BEYAZ-768x432.png 768w, https:\/\/www.tulpafilm.com\/wp-content\/uploads\/2025\/09\/TULPA-LOGO-BEYAZ-1536x864.png 1536w\" sizes=\"(max-width: 1920px) 100vw, 1920px\" \/>\t\t\t\t\t\t\t\t\t\t\t\t\t\t\t<\/div>\n\t\t\t\t<\/div>\n\t\t<div class=\"elementor-element elementor-element-717f3b03 e-con-full e-flex e-con e-child\" data-id=\"717f3b03\" data-element_type=\"container\">\n\t\t\t\t<div class=\"elementor-element elementor-element-890519a elementor-widget elementor-widget-rtm-navmenu\" data-id=\"890519a\" data-element_type=\"widget\" data-widget_type=\"rtm-navmenu.default\">\n\t\t\t\t<div class=\"elementor-widget-container\">\n\t\t\t\t\t        <div class=\"rkit-navmenu-container\" data-responsive=\"tablet\">\r\n            <div class=\"rkit-hamburger rkit-hamburger-tablet\">\r\n                <a class=\"rkit-btn-hamburger\">\r\n                    <i aria-hidden=\"true\" class=\"rkit-icon-open icon icon-burger-menu\" id=\"rkit-icon-open143675802\"><\/i>                    <i aria-hidden=\"true\" class=\"rkit-icon-close icon icon-cross\" id=\"rkit-icon-close143675802\"><\/i>\r\n\r\n                <\/a>\r\n            <\/div>\r\n            <div class=\"rkit-navmenu rkit-responsive-menu rkit-responsive-tablet  rkit-navmenu-fullwidth\">\r\n                <ul class=\"rkit-menu-container\">\r\n                                            <li class=\"rkit-menu-item   \">\r\n                            <a class=\"rkit-nav-link\" href=\"https:\/\/www.tulpafilm.com\/\">\r\n                                ANASAYFA                                                            <\/a>\r\n                                                    <\/li>\r\n                                            <li class=\"rkit-menu-item   \">\r\n                            <a class=\"rkit-nav-link\" href=\"https:\/\/www.tulpafilm.com\/index.php\/tulpa-nedir\/\">\r\n                                TULPA NED\u0130R?                                                            <\/a>\r\n                                                    <\/li>\r\n                                            <li class=\"rkit-menu-item   \">\r\n                            <a class=\"rkit-nav-link\" href=\"https:\/\/www.tulpafilm.com\/index.php\/oyuncular\/\">\r\n                                OYUNCULAR                                                            <\/a>\r\n                                                    <\/li>\r\n                                            <li class=\"rkit-menu-item   \">\r\n                            <a class=\"rkit-nav-link\" href=\"https:\/\/www.tulpafilm.com\/index.php\/tulpa-filmi-ekibi\/\">\r\n                                TULPA EK\u0130P                                                            <\/a>\r\n                                                    <\/li>\r\n                                            <li class=\"rkit-menu-item   \">\r\n                            <a class=\"rkit-nav-link\" href=\"https:\/\/www.tulpafilm.com\/index.php\/hakkimizda\/\">\r\n                                F\u0130LM HAKKINDA\u200b                                                            <\/a>\r\n                                                    <\/li>\r\n                                            <li class=\"rkit-menu-item   \">\r\n                            <a class=\"rkit-nav-link\" href=\"https:\/\/www.tulpafilm.com\/index.php\/cekimde-yasanan-paranormal-olaylar\/\">\r\n                                YA\u015eANILAN OLAYLAR                                                            <\/a>\r\n                                                    <\/li>\r\n                                            <li class=\"rkit-menu-item   \">\r\n                            <a class=\"rkit-nav-link\" href=\"https:\/\/www.tulpafilm.com\/index.php\/fragmanlar\/\">\r\n                                FRAGMANLAR                                                            <\/a>\r\n                                                    <\/li>\r\n                                    <\/ul>\r\n            <\/div>\r\n        <\/div>\r\n\t\t\t\t<\/div>\n\t\t\t\t<\/div>\n\t\t\t\t<\/div>\n\t\t<div class=\"elementor-element elementor-element-493859b5 e-con-full elementor-hidden-tablet elementor-hidden-mobile e-flex e-con e-child\" data-id=\"493859b5\" data-element_type=\"container\">\n\t\t\t\t<div class=\"elementor-element elementor-element-33ee0645 elementor-align-right elementor-widget elementor-widget-button\" data-id=\"33ee0645\" data-element_type=\"widget\" data-widget_type=\"button.default\">\n\t\t\t\t\t\t\t\t\t\t<a class=\"elementor-button elementor-button-link elementor-size-sm\" href=\"https:\/\/www.tulpafilm.com\/index.php\/iletisim\/\">\n\t\t\t\t\t\t<span class=\"elementor-button-content-wrapper\">\n\t\t\t\t\t\t\t\t\t<span class=\"elementor-button-text\">\u0130LET\u0130\u015e\u0130M<\/span>\n\t\t\t\t\t<\/span>\n\t\t\t\t\t<\/a>\n\t\t\t\t\t\t\t\t<\/div>\n\t\t\t\t<\/div>\n\t\t\t\t\t<\/div>\n\t\t\t\t<\/div>\n\t\t<div class=\"elementor-element elementor-element-8cd1dd4 e-flex e-con-boxed e-con e-parent\" data-id=\"8cd1dd4\" data-element_type=\"container\">\n\t\t\t\t\t<div class=\"e-con-inner\">\n\t\t\t\t<div class=\"elementor-element elementor-element-38f90c4 elementor-widget elementor-widget-heading\" data-id=\"38f90c4\" data-element_type=\"widget\" data-widget_type=\"heading.default\">\n\t\t\t\t\t<h2 class=\"elementor-heading-title elementor-size-default\">fragmnalar<\/h2>\t\t\t\t<\/div>\n\t\t\t\t<div class=\"elementor-element elementor-element-8ebb12c elementor-widget elementor-widget-spacer\" data-id=\"8ebb12c\" data-element_type=\"widget\" data-widget_type=\"spacer.default\">\n\t\t\t\t\t\t\t<div class=\"elementor-spacer\">\n\t\t\t<div class=\"elementor-spacer-inner\"><\/div>\n\t\t<\/div>\n\t\t\t\t\t\t<\/div>\n\t\t\t\t<div class=\"elementor-element elementor-element-eb3c27e elementor-widget elementor-widget-text-editor\" data-id=\"eb3c27e\" data-element_type=\"widget\" data-widget_type=\"text-editor.default\">\n\t\t\t\t\t\t\t\t\t<p>Evlat ac\u0131s\u0131 \u00e7eken bir annenin dram\u0131ndan bahseden bu filmde bir ailenin yok olmas\u0131n\u0131 sa\u011flayan b\u00fcy\u00fck bir g\u00fcnah anlat\u0131l\u0131yor. \u00c7i\u011fdem Damar\u2019\u0131n hikayesini yazd\u0131\u011f\u0131 filmin y\u00f6netmen koltu\u011funda G\u00fcne\u015f g\u00fcne\u015f oturuyor. Kaliteli \u00e7ekimleriyle g\u00f6z dolduran filmin Yap\u0131m\u0131n\u0131 Mag yap\u0131m\u0131n \u00fcstlendi\u011fi , abs\u00fcrtle\u015fmi\u015f konular\u0131n d\u0131\u015f\u0131nda yer alan Tulpa filmi yak\u0131nda sinemada izleyicilerle bulu\u015fmaya\u00a0haz\u0131rlan\u0131yor.<\/p>\t\t\t\t\t\t\t\t<\/div>\n\t\t\t\t<div class=\"elementor-element elementor-element-9867ea8 elementor-widget elementor-widget-spacer\" data-id=\"9867ea8\" data-element_type=\"widget\" data-widget_type=\"spacer.default\">\n\t\t\t\t\t\t\t<div class=\"elementor-spacer\">\n\t\t\t<div class=\"elementor-spacer-inner\"><\/div>\n\t\t<\/div>\n\t\t\t\t\t\t<\/div>\n\t\t<div class=\"elementor-element elementor-element-9e82dc6 e-grid e-con-full e-con e-child\" data-id=\"9e82dc6\" data-element_type=\"container\">\n\t\t\t\t<div class=\"elementor-element elementor-element-04fd86c elementor-widget elementor-widget-video\" data-id=\"04fd86c\" data-element_type=\"widget\" data-settings=\"{&quot;youtube_url&quot;:&quot;https:\\\/\\\/www.youtube.com\\\/watch?v=RfkQ-YYWd8k&quot;,&quot;video_type&quot;:&quot;youtube&quot;,&quot;controls&quot;:&quot;yes&quot;}\" data-widget_type=\"video.default\">\n\t\t\t\t\t\t\t<div class=\"elementor-wrapper elementor-open-inline\">\n\t\t\t<div class=\"elementor-video\"><\/div>\t\t<\/div>\n\t\t\t\t\t\t<\/div>\n\t\t\t\t<div class=\"elementor-element elementor-element-7905ddf elementor-widget elementor-widget-video\" data-id=\"7905ddf\" data-element_type=\"widget\" data-settings=\"{&quot;youtube_url&quot;:&quot;https:\\\/\\\/www.youtube.com\\\/watch?v=3fqqykgoAgY&quot;,&quot;video_type&quot;:&quot;youtube&quot;,&quot;controls&quot;:&quot;yes&quot;}\" data-widget_type=\"video.default\">\n\t\t\t\t\t\t\t<div class=\"elementor-wrapper elementor-open-inline\">\n\t\t\t<div class=\"elementor-video\"><\/div>\t\t<\/div>\n\t\t\t\t\t\t<\/div>\n\t\t\t\t<\/div>\n\t\t\t\t<div class=\"elementor-element elementor-element-017846d elementor-widget elementor-widget-spacer\" data-id=\"017846d\" data-element_type=\"widget\" data-widget_type=\"spacer.default\">\n\t\t\t\t\t\t\t<div class=\"elementor-spacer\">\n\t\t\t<div class=\"elementor-spacer-inner\"><\/div>\n\t\t<\/div>\n\t\t\t\t\t\t<\/div>\n\t\t\t\t\t<\/div>\n\t\t\t\t<\/div>\n\t\t<div class=\"elementor-element elementor-element-ab021db e-flex e-con-boxed e-con e-parent\" data-id=\"ab021db\" data-element_type=\"container\" data-settings=\"{&quot;background_background&quot;:&quot;classic&quot;}\">\n\t\t\t\t\t<div class=\"e-con-inner\">\n\t\t\t\t<div class=\"elementor-element elementor-element-e307675 elementor-widget elementor-widget-heading\" data-id=\"e307675\" data-element_type=\"widget\" data-widget_type=\"heading.default\">\n\t\t\t\t\t<h4 class=\"elementor-heading-title elementor-size-default\">B\u0130Z\u0130 TAK\u0130P ETMEY\u0130 UNUTMAYIN<\/h4>\t\t\t\t<\/div>\n\t\t\t\t<div class=\"elementor-element elementor-element-0ab01c8 elementor-widget elementor-widget-image\" data-id=\"0ab01c8\" data-element_type=\"widget\" data-widget_type=\"image.default\">\n\t\t\t\t\t\t\t\t\t\t\t\t\t\t\t<img decoding=\"async\" width=\"1647\" height=\"705\" src=\"https:\/\/www.tulpafilm.com\/wp-content\/uploads\/2025\/09\/LOGO-PNG_1.png\" class=\"attachment-full size-full wp-image-113\" alt=\"\" srcset=\"https:\/\/www.tulpafilm.com\/wp-content\/uploads\/2025\/09\/LOGO-PNG_1.png 1647w, https:\/\/www.tulpafilm.com\/wp-content\/uploads\/2025\/09\/LOGO-PNG_1-300x128.png 300w, https:\/\/www.tulpafilm.com\/wp-content\/uploads\/2025\/09\/LOGO-PNG_1-1024x438.png 1024w, https:\/\/www.tulpafilm.com\/wp-content\/uploads\/2025\/09\/LOGO-PNG_1-768x329.png 768w, https:\/\/www.tulpafilm.com\/wp-content\/uploads\/2025\/09\/LOGO-PNG_1-1536x657.png 1536w\" sizes=\"(max-width: 1647px) 100vw, 1647px\" \/>\t\t\t\t\t\t\t\t\t\t\t\t\t\t\t<\/div>\n\t\t\t\t<div class=\"elementor-element elementor-element-20a5b99 elementor-icon-list--layout-inline elementor-mobile-align-center elementor-list-item-link-full_width elementor-widget elementor-widget-icon-list\" data-id=\"20a5b99\" data-element_type=\"widget\" data-widget_type=\"icon-list.default\">\n\t\t\t\t\t\t\t<ul class=\"elementor-icon-list-items elementor-inline-items\">\n\t\t\t\t\t\t\t<li class=\"elementor-icon-list-item elementor-inline-item\">\n\t\t\t\t\t\t\t\t\t\t\t<a href=\"#\">\n\n\t\t\t\t\t\t\t\t\t\t\t<span class=\"elementor-icon-list-text\">ANASAYFA<\/span>\n\t\t\t\t\t\t\t\t\t\t\t<\/a>\n\t\t\t\t\t\t\t\t\t<\/li>\n\t\t\t\t\t\t\t\t<li class=\"elementor-icon-list-item elementor-inline-item\">\n\t\t\t\t\t\t\t\t\t\t\t<a href=\"https:\/\/www.tulpafilm.com\/index.php\/iletisim\/\">\n\n\t\t\t\t\t\t\t\t\t\t\t<span class=\"elementor-icon-list-text\">\u0130LET\u0130\u015e\u0130M<\/span>\n\t\t\t\t\t\t\t\t\t\t\t<\/a>\n\t\t\t\t\t\t\t\t\t<\/li>\n\t\t\t\t\t\t<\/ul>\n\t\t\t\t\t\t<\/div>\n\t\t\t\t<div class=\"elementor-element elementor-element-6a3f368 elementor-shape-circle elementor-grid-0 e-grid-align-center elementor-widget elementor-widget-social-icons\" data-id=\"6a3f368\" data-element_type=\"widget\" data-widget_type=\"social-icons.default\">\n\t\t\t\t\t\t\t<div class=\"elementor-social-icons-wrapper elementor-grid\" role=\"list\">\n\t\t\t\t\t\t\t<span class=\"elementor-grid-item\" role=\"listitem\">\n\t\t\t\t\t<a class=\"elementor-icon elementor-social-icon elementor-social-icon-youtube elementor-repeater-item-ec2a16b\" href=\"https:\/\/www.youtube.com\/@magyapimofficial\" target=\"_blank\">\n\t\t\t\t\t\t<span class=\"elementor-screen-only\">Youtube<\/span>\n\t\t\t\t\t\t<svg aria-hidden=\"true\" class=\"e-font-icon-svg e-fab-youtube\" viewBox=\"0 0 576 512\" xmlns=\"http:\/\/www.w3.org\/2000\/svg\"><path d=\"M549.655 124.083c-6.281-23.65-24.787-42.276-48.284-48.597C458.781 64 288 64 288 64S117.22 64 74.629 75.486c-23.497 6.322-42.003 24.947-48.284 48.597-11.412 42.867-11.412 132.305-11.412 132.305s0 89.438 11.412 132.305c6.281 23.65 24.787 41.5 48.284 47.821C117.22 448 288 448 288 448s170.78 0 213.371-11.486c23.497-6.321 42.003-24.171 48.284-47.821 11.412-42.867 11.412-132.305 11.412-132.305s0-89.438-11.412-132.305zm-317.51 213.508V175.185l142.739 81.205-142.739 81.201z\"><\/path><\/svg>\t\t\t\t\t<\/a>\n\t\t\t\t<\/span>\n\t\t\t\t\t\t\t<span class=\"elementor-grid-item\" role=\"listitem\">\n\t\t\t\t\t<a class=\"elementor-icon elementor-social-icon elementor-social-icon-instagram elementor-repeater-item-da0a78a\" href=\"https:\/\/www.instagram.com\/tulpafilm.official\/\" target=\"_blank\">\n\t\t\t\t\t\t<span class=\"elementor-screen-only\">Instagram<\/span>\n\t\t\t\t\t\t<svg aria-hidden=\"true\" class=\"e-font-icon-svg e-fab-instagram\" viewBox=\"0 0 448 512\" xmlns=\"http:\/\/www.w3.org\/2000\/svg\"><path d=\"M224.1 141c-63.6 0-114.9 51.3-114.9 114.9s51.3 114.9 114.9 114.9S339 319.5 339 255.9 287.7 141 224.1 141zm0 189.6c-41.1 0-74.7-33.5-74.7-74.7s33.5-74.7 74.7-74.7 74.7 33.5 74.7 74.7-33.6 74.7-74.7 74.7zm146.4-194.3c0 14.9-12 26.8-26.8 26.8-14.9 0-26.8-12-26.8-26.8s12-26.8 26.8-26.8 26.8 12 26.8 26.8zm76.1 27.2c-1.7-35.9-9.9-67.7-36.2-93.9-26.2-26.2-58-34.4-93.9-36.2-37-2.1-147.9-2.1-184.9 0-35.8 1.7-67.6 9.9-93.9 36.1s-34.4 58-36.2 93.9c-2.1 37-2.1 147.9 0 184.9 1.7 35.9 9.9 67.7 36.2 93.9s58 34.4 93.9 36.2c37 2.1 147.9 2.1 184.9 0 35.9-1.7 67.7-9.9 93.9-36.2 26.2-26.2 34.4-58 36.2-93.9 2.1-37 2.1-147.8 0-184.8zM398.8 388c-7.8 19.6-22.9 34.7-42.6 42.6-29.5 11.7-99.5 9-132.1 9s-102.7 2.6-132.1-9c-19.6-7.8-34.7-22.9-42.6-42.6-11.7-29.5-9-99.5-9-132.1s-2.6-102.7 9-132.1c7.8-19.6 22.9-34.7 42.6-42.6 29.5-11.7 99.5-9 132.1-9s102.7-2.6 132.1 9c19.6 7.8 34.7 22.9 42.6 42.6 11.7 29.5 9 99.5 9 132.1s2.7 102.7-9 132.1z\"><\/path><\/svg>\t\t\t\t\t<\/a>\n\t\t\t\t<\/span>\n\t\t\t\t\t<\/div>\n\t\t\t\t\t\t<\/div>\n\t\t\t\t<div class=\"elementor-element elementor-element-b3e32df elementor-button-danger elementor-widget elementor-widget-button\" data-id=\"b3e32df\" data-element_type=\"widget\" data-widget_type=\"button.default\">\n\t\t\t\t\t\t\t\t\t\t<a class=\"elementor-button elementor-button-link elementor-size-sm\" href=\"https:\/\/www.instagram.com\/magyapimofficial\/\">\n\t\t\t\t\t\t<span class=\"elementor-button-content-wrapper\">\n\t\t\t\t\t\t\t\t\t<span class=\"elementor-button-text\">mag yap\u0131m official instagram adresi<\/span>\n\t\t\t\t\t<\/span>\n\t\t\t\t\t<\/a>\n\t\t\t\t\t\t\t\t<\/div>\n\t\t\t\t<div class=\"elementor-element elementor-element-433aff3 elementor-widget-divider--view-line elementor-widget elementor-widget-divider\" data-id=\"433aff3\" data-element_type=\"widget\" data-widget_type=\"divider.default\">\n\t\t\t\t\t\t\t<div class=\"elementor-divider\">\n\t\t\t<span class=\"elementor-divider-separator\">\n\t\t\t\t\t\t<\/span>\n\t\t<\/div>\n\t\t\t\t\t\t<\/div>\n\t\t\t\t<div class=\"elementor-element elementor-element-a3d0d4a elementor-widget elementor-widget-text-editor\" data-id=\"a3d0d4a\" data-element_type=\"widget\" data-widget_type=\"text-editor.default\">\n\t\t\t\t\t\t\t\t\t<p>MAG YAPIM PRODUCTION | MURAT \u00dcNALO\u011eLU<\/p>\t\t\t\t\t\t\t\t<\/div>\n\t\t\t\t\t<\/div>\n\t\t\t\t<\/div>\n\t\t\t\t<\/div>\n\t\t","protected":false},"excerpt":{"rendered":"<p>ANASAYFA TULPA NED\u0130R? OYUNCULAR TULPA EK\u0130P F\u0130LM HAKKINDA\u200b YA\u015eANILAN OLAYLAR FRAGMANLAR \u0130LET\u0130\u015e\u0130M fragmnalar Evlat ac\u0131s\u0131 \u00e7eken bir annenin dram\u0131ndan bahseden bu filmde bir ailenin yok olmas\u0131n\u0131 sa\u011flayan b\u00fcy\u00fck bir g\u00fcnah anlat\u0131l\u0131yor. \u00c7i\u011fdem Damar\u2019\u0131n hikayesini yazd\u0131\u011f\u0131 filmin y\u00f6netmen koltu\u011funda G\u00fcne\u015f g\u00fcne\u015f oturuyor. Kaliteli \u00e7ekimleriyle g\u00f6z dolduran filmin Yap\u0131m\u0131n\u0131 Mag yap\u0131m\u0131n \u00fcstlendi\u011fi , abs\u00fcrtle\u015fmi\u015f konular\u0131n d\u0131\u015f\u0131nda yer [&hellip;]<\/p>\n","protected":false},"author":1,"featured_media":0,"parent":0,"menu_order":0,"comment_status":"closed","ping_status":"closed","template":"elementor_canvas","meta":{"footnotes":""},"class_list":["post-641","page","type-page","status-publish","hentry"],"_links":{"self":[{"href":"https:\/\/www.tulpafilm.com\/index.php\/wp-json\/wp\/v2\/pages\/641","targetHints":{"allow":["GET"]}}],"collection":[{"href":"https:\/\/www.tulpafilm.com\/index.php\/wp-json\/wp\/v2\/pages"}],"about":[{"href":"https:\/\/www.tulpafilm.com\/index.php\/wp-json\/wp\/v2\/types\/page"}],"author":[{"embeddable":true,"href":"https:\/\/www.tulpafilm.com\/index.php\/wp-json\/wp\/v2\/users\/1"}],"replies":[{"embeddable":true,"href":"https:\/\/www.tulpafilm.com\/index.php\/wp-json\/wp\/v2\/comments?post=641"}],"version-history":[{"count":31,"href":"https:\/\/www.tulpafilm.com\/index.php\/wp-json\/wp\/v2\/pages\/641\/revisions"}],"predecessor-version":[{"id":697,"href":"https:\/\/www.tulpafilm.com\/index.php\/wp-json\/wp\/v2\/pages\/641\/revisions\/697"}],"wp:attachment":[{"href":"https:\/\/www.tulpafilm.com\/index.php\/wp-json\/wp\/v2\/media?parent=641"}],"curies":[{"name":"wp","href":"https:\/\/api.w.org\/{rel}","templated":true}]}}